{"id":109,"date":"2016-05-03T19:20:21","date_gmt":"2016-05-03T17:20:21","guid":{"rendered":"http:\/\/alexandrahoef.com\/?page_id=109"},"modified":"2020-02-06T19:15:57","modified_gmt":"2020-02-06T17:15:57","slug":"meditation","status":"publish","type":"page","link":"https:\/\/www.alexandrahoef.com\/hofheim\/meditation","title":{"rendered":"Meditationen"},"content":{"rendered":"<div class=\"art-postcontent clearfix\">\n<h1>Heilpraktikerin f\u00fcr klassische Hom\u00f6opathie<\/h1>\n<h1>und Energiearbeit in&nbsp;Hofheim<\/h1>\n<p>&nbsp;<\/p>\n<h2><a href=\"http:\/\/blog.sanfter-heilen.de\/wp-content\/uploads\/2015\/02\/Salzgrotte.jpg\" target=\"_blank\" rel=\"noopener\"><img loading=\"lazy\" decoding=\"async\" class=\" size-medium wp-image-1080 aligncenter\" src=\"http:\/\/blog.sanfter-heilen.de\/wp-content\/uploads\/2015\/02\/Salzgrotte-300x225.jpg\" sizes=\"auto, (max-width: 300px) 100vw, 300px\" srcset=\"http:\/\/blog.sanfter-heilen.de\/wp-content\/uploads\/2015\/02\/Salzgrotte-300x225.jpg 300x, http:\/\/blog.sanfter-heilen.de\/wp-content\/uploads\/2015\/02\/Salzgrotte.jpg 800x\" alt=\"Heilpraktiker Main Taunus Vesseling Practitioner\" width=\"300\" height=\"225\"><\/a><\/h2>\n<h1>\u201eEnergiereise\u201c<\/h1>\n<h2>Vergangenes loslassen \u2013 Visionen finden \u2013 Talente leben<\/h2>\n<p>Jeder von uns hat eine Seele, die aus Licht besteht. Im Laufe des Lebens geschehen Ereignisse, die schwarze Flecken in unseren Lichtk\u00f6rpern hinterlassen. Bei manchen sind es mehrere schwarze Flecken, bei anderen weniger. Durch einschneidende Ereignisse im Leben wie z.B. die Geburt eines Kindes, Arbeitsplatzwechsel oder der Tod eines geliebten Menschen \u00e4ndert sich einiges sehr stark und es kommen evtl. viele alte Erinnerungen hoch und nat\u00fcrlich ver\u00e4ndern sich auch die Rollen der anderen Familienmitglieder.<\/p>\n<p>Warum erfahren die meisten Menschen immer wieder die gleichen Muster, Probleme mit dem Partner, Herausforderungen mit der Schwiegermutter, mit dem Chef, mit einem Verhalten des Kindes oder leiden einfach nur an Kopfschmerzen?<br \/>\nAn diesem Abend erfahren Sie eine Variante, sich aus alten Mustern zu befreien und f\u00fcr sich neue Erkenntnisse zu gewinnen. Mit der Energiereise kann man die grauen Momente im Leben bearbeiten und die dadurch gebundene Energie wieder frei flie\u00dfen lassen. Sie arbeiten mit dem f\u00fcr Sie momentan schwierigsten Thema. Als Eltern k\u00f6nnen Sie auch die Themen und Krankheiten ihrer Kinder bearbeiten.<\/p>\n<p>Bitte bringen Sie hierzu ein Thema, welches Sie gerne transformieren m\u00f6chten, wei\u00dfe Socken und einen Stein mit.&nbsp; In der Salzgrotte sind Liegest\u00fchle und Decken vorhanden. Bei Veranstaltungen im Familientreff bitte eine Decke mitbringen.<\/p>\n<h3>Feedback Energiereise<\/h3>\n<p>\u201cDanke f\u00fcr die Energiereise\u2026 es war sehr sch\u00f6n und die Gedankenschleife in meinem Kopf bin ich losgeworden.\u201d S.L.<\/p>\n<h2><\/h2>\n<p>&nbsp;<\/p>\n<h1>\u201eVisionsreise\u201c<\/h1>\n<p>Bei dieser Reise betrachten Sie Ihre Visionen und W\u00fcnsche aus verschiedensten Perspektiven.<\/p>\n<p>Sie nehmen an einer durch mich gef\u00fchrten Meditation teil und k\u00f6nnen durch die neu erlangten Kenntnisse Blockaden und schon langj\u00e4hrig bestehende Widerst\u00e4nde l\u00f6sen. Ihre W\u00fcnsche und Visionen gelangen n\u00e4her ins Leben.<\/p>\n<p>Es ist erwiesen, und jeder hat es schon einmal selbst erlebt, dass die Herzenskraft um ein vielfaches st\u00e4rker ist, als unsere Gedankenkraft. Aus diesem Grund ist es ganz wichtig die eigenen W\u00fcnsche und Visionen ins Herz zu bringen.<br \/>\nDie hier beschriebene Visionsreise ist eine kraftvolle und wunderbare M\u00f6glichkeit daf\u00fcr.<\/p>\n<p>Bitte bringt wei\u00dfe Socken, einen Stein und eine Vision mit.<\/p>\n<p>Die Energie- und Visonsreisen kosten je 35 \u20ac und finden in der Regel in der Salzgrotte in Frankfurt H\u00f6chst, Kurmainzer Stra\u00dfe 45, 65929 Frankfurt statt.<br \/>\nDie Termine finden Sie&nbsp;<a href=\"https:\/\/www.basicsforlife.de\/meditation-transformation-achtsamkeit-termine\/\" target=\"_blank\" rel=\"noopener\">hier.<\/a><\/p>\n<h3>Feedback Visionsreise<\/h3>\n<p>Ich bin so dankbar, die Visionsreise bei Dir hat ganz viel bewirkt, endlich wei\u00df ich, wo es beruflich hin geht J B.S.<\/p>\n<p>&nbsp;<\/p>\n<h1><strong>&#8222;Trance Coaching&#8220;<\/strong><\/h1>\n<p>Wie mittlerweile vielen bekannt ist, kann man die Zellen quasi binnen 21 Tagen neu programmieren. Oftmals m\u00f6chten wir vom Bewusstsein her, gesund sein oder klare Entscheidungen treffen und k\u00f6nnen dies aus irgendeinem Grund trotzdem nicht. In diesen F\u00e4llen spielt uns meist unser Unterbewusstsein (siehe hier eine gut informierende Doku \u00fcber das Unterbewusstsein&nbsp;<a href=\"http:\/\/www.spiegel.tv\/filme\/bbc-macht-unterbewusstsein\/\" target=\"_blank\" rel=\"noopener\">http:\/\/www.spiegel.tv\/filme\/bbc-macht-unterbewusstsein\/<\/a>&nbsp;) einen Streich. Leider ist der unbewusste Anteil wesentlich gr\u00f6\u00dfer als der bewusste Anteil. Das Verh\u00e4ltnis ist 90 : 10 !!! Demnach k\u00f6nnen wir uns noch so sehr f\u00fcr Gesundheit entscheiden, wenn diese unbewusste Macht auf `krank\u00b4 steht, haben wir nur eine minimale Chance, trotzdem gesund zu sein. Aus genau diesem Grund biete ich euch ein Trancecoaching an, in dem ich mit eurem Unterbewusstsein arbeite, und dies auf `Gesundheit\u00b4 programmiere. Das au\u00dfergew\u00f6hnliche ist, dass ihr es selbst mit euren Smartphones im Flugmodus aufnehmen k\u00f6nnt und danach dieses Trance-Coaching mindestens 21 Tage tgl. 1x h\u00f6rt. Gerne k\u00f6nnt ihr es als Meditation verwenden oder &nbsp;es ganz leise zum Schlafen gehen h\u00f6ren.<\/p>\n<h6>(nach Isabelle von Fallois)<\/h6>\n<p>&nbsp;<\/p>\n<h2><\/h2>\n<h2>Trance Coaching `Erfolg\u00b4<\/h2>\n<h2><strong>Trance Coaching `Gesundheit\u00b4<\/strong><\/h2>\n<h2>Trance Coaching `Selbstbewusstsein\u00b4<\/h2>\n<\/div>\n<p>&nbsp;<\/p>\n<h1><\/h1>\n<p><a href=\"https:\/\/www.basicsforlife.de\/meditation-transformation-achtsamkeit-termine\/\" target=\"_blank\" rel=\"noopener\">Termine Trance Coaching<\/a><\/p>\n<div class=\"art-postcontent clearfix\">\n<h1><\/h1>\n<p>&nbsp;<\/p>\n<h1>\u201eEngelsmeditation\u201d<\/h1>\n<p>Die Engelsmeditation ist eine von mir gef\u00fchrte Meditation, die Ihnen die M\u00f6glichkeit bietet zu erfahren, was zwischen Ihnen und Ihren W\u00fcnschen steht.<br \/>\nBlockaden werden von verschiedenen Seiten her beleuchtet, um sie anschlie\u00dfend zu transformieren.<br \/>\nDiese besondere Form der Meditation \u00fcbt einen gro\u00dfen Einfluss auf Ihren Glauben an eine gr\u00f6\u00dfere Kraft im Universum aus.<br \/>\nAlle, die sich schon einmal mit diesem Ph\u00e4nomen auseinandergesetzt haben oder neugierig geworden sind, sind herzlich dazu eingeladen zu erfahren, wie sie diese gr\u00f6\u00dfere Kraft in Form von Engeln im Alltag nutzen k\u00f6nnen.<\/p>\n<p>Bringen Sie bitte 3 Lebensw\u00fcnsche mit, die Sie m\u00f6glichst kurz formuliert vorab auf einen Zettel schreiben.<\/p>\n<p>Die Engelsmeditationen finden in der Regel in der Salzgrotte Rhein Main in Frankfurt H\u00f6chst (Kurmainzer Stra\u00dfe 45, 65929 Frankfurt) statt.<\/p>\n<\/div>\n<p>&nbsp;<\/p>\n<p><a href=\"http:\/\/alexandrahoef.com\/termine\">Termine<\/a><\/p>\n<p>&nbsp;<\/p>\n<p>Sollten Sie Fragen zu den einzelnen Meditationsformen haben, k\u00f6nnen Sie mich gerne anrufen oder mir eine Mail schreiben.<\/p>\n<p>Ich freue mich auf Ihren Anruf.<\/p>\n<p>Alexandra H\u00f6f<\/p>\n<p>&nbsp;<\/p>\n<div class=\"art-postcontent clearfix\">\n<p><strong>Es&nbsp;wird ausdr\u00fccklich darauf hingewiesen, dass eine Meditation keineswegs den Besuch eines Arztes und dessen diagnostische T\u00e4tigkeit und Behandlung ersetzen kann.<\/strong><\/p>\n<\/div>\n","protected":false},"excerpt":{"rendered":"<p>Heilpraktikerin f\u00fcr klassische Hom\u00f6opathie und Energiearbeit in&nbsp;Hofheim &nbsp; \u201eEnergiereise\u201c Vergangenes loslassen \u2013 Visionen finden \u2013 Talente leben Jeder von uns hat eine Seele, die aus Licht besteht. Im Laufe des Lebens geschehen Ereignisse, die schwarze Flecken in unseren Lichtk\u00f6rpern hinterlassen. Bei manchen sind es mehrere schwarze Flecken, bei anderen weniger. Durch einschneidende Ereignisse im Leben [&hellip;]<\/p>\n","protected":false},"author":1,"featured_media":0,"parent":0,"menu_order":0,"comment_status":"closed","ping_status":"closed","template":"","meta":{"footnotes":""},"class_list":["post-109","page","type-page","status-publish","hentry"],"_links":{"self":[{"href":"https:\/\/www.alexandrahoef.com\/hofheim\/wp-json\/wp\/v2\/pages\/109","targetHints":{"allow":["GET"]}}],"collection":[{"href":"https:\/\/www.alexandrahoef.com\/hofheim\/wp-json\/wp\/v2\/pages"}],"about":[{"href":"https:\/\/www.alexandrahoef.com\/hofheim\/wp-json\/wp\/v2\/types\/page"}],"author":[{"embeddable":true,"href":"https:\/\/www.alexandrahoef.com\/hofheim\/wp-json\/wp\/v2\/users\/1"}],"replies":[{"embeddable":true,"href":"https:\/\/www.alexandrahoef.com\/hofheim\/wp-json\/wp\/v2\/comments?post=109"}],"version-history":[{"count":11,"href":"https:\/\/www.alexandrahoef.com\/hofheim\/wp-json\/wp\/v2\/pages\/109\/revisions"}],"predecessor-version":[{"id":976,"href":"https:\/\/www.alexandrahoef.com\/hofheim\/wp-json\/wp\/v2\/pages\/109\/revisions\/976"}],"wp:attachment":[{"href":"https:\/\/www.alexandrahoef.com\/hofheim\/wp-json\/wp\/v2\/media?parent=109"}],"curies":[{"name":"wp","href":"https:\/\/api.w.org\/{rel}","templated":true}]}}