{"id":118,"date":"2016-05-03T19:30:42","date_gmt":"2016-05-03T17:30:42","guid":{"rendered":"http:\/\/alexandrahoef.com\/?page_id=118"},"modified":"2025-08-04T22:27:33","modified_gmt":"2025-08-04T20:27:33","slug":"basics-for-life-energiearbeit","status":"publish","type":"page","link":"https:\/\/www.alexandrahoef.com\/hofheim\/basics-for-life-energiearbeit","title":{"rendered":"Energiearbeit &#8211; Basics for Life"},"content":{"rendered":"<div class=\"art-postcontent clearfix\">\n<h2>Energiearbeit &#8211; in Hofheim am Taunus<\/h2>\n<p>Bei der Energiearbeit geht es in erster Linie darum, das eigene Energiefeld und nat\u00fcrlich auch den K\u00f6rper von belastender und &#8222;schwerer&#8220; Energie zu befreien. Denn nur dann ist es m\u00f6glich, den eigenen Weg zu finden und das Leben (wieder) mit Freude zu genie\u00dfen.<\/p>\n<figure id=\"attachment_970\" aria-describedby=\"caption-attachment-970\" style=\"width: 300px\" class=\"wp-caption alignright\"><a href=\"https:\/\/www.alexandrahoef.com\/wp-content\/uploads\/2020\/02\/Pusteblume_neu-scaled.jpg\"><img loading=\"lazy\" decoding=\"async\" class=\"size-medium wp-image-970\" src=\"https:\/\/www.alexandrahoef.com\/wp-content\/uploads\/2020\/02\/Pusteblume_neu-300x146.jpg\" alt=\"\" width=\"300\" height=\"146\" srcset=\"https:\/\/www.alexandrahoef.com\/wp-content\/uploads\/2020\/02\/Pusteblume_neu-300x146.jpg 300w, https:\/\/www.alexandrahoef.com\/wp-content\/uploads\/2020\/02\/Pusteblume_neu-1024x498.jpg 1024w, https:\/\/www.alexandrahoef.com\/wp-content\/uploads\/2020\/02\/Pusteblume_neu-768x373.jpg 768w, https:\/\/www.alexandrahoef.com\/wp-content\/uploads\/2020\/02\/Pusteblume_neu-1536x747.jpg 1536w, https:\/\/www.alexandrahoef.com\/wp-content\/uploads\/2020\/02\/Pusteblume_neu-2048x996.jpg 2048w, https:\/\/www.alexandrahoef.com\/wp-content\/uploads\/2020\/02\/Pusteblume_neu-500x243.jpg 500w\" sizes=\"auto, (max-width: 300px) 100vw, 300px\" \/><\/a><figcaption id=\"caption-attachment-970\" class=\"wp-caption-text\">Basics for Life &#8211; Foto: Alexandra H\u00f6f<\/figcaption><\/figure>\n<p>Wodurch\u00a0entsteht &#8222;schwere Energie&#8220;? Im Leben passieren Dinge, die uns belasten. Wenn wir diese nicht wirklich bearbeiten und loslassen k\u00f6nnen, bleibt die negative\u00a0Information in unseren Zellen\u00a0bzw.\u00a0in unserem Energiek\u00f6rper zur\u00fcck. Jeder kennt es, dass Dinge und Erlebnisse sich immer wiederholen. Das hei\u00dft, da haben sich richtige Energiemuster im Energiefeld gebildet.\u00a0 Diese werden beispielsweise bei einer Energiesitzung sichtbar und k\u00f6nnen gel\u00f6st werden.<\/p>\n<p>W\u00e4hrend einer Sitzung werden nicht nur schwere Energien und Muster transformiert sondern auch dahinterliegende Glaubenss\u00e4tze bewusst\u00a0gemacht. Wenn beispielsweise jemand tief in sich glaubt, dass er nicht wunderbar und liebenswert ist, dann zieht er im Au\u00dfen immer wieder Situationen an, die ihm diesen Glauben best\u00e4tigen. Das sind f\u00fcr die betroffene Person meist sehr schmerzhafte Erlebnisse und es ist schwer, sich davon selbst zu befreien.<\/p>\n<h3>Beispiele f\u00fcr \u201czuviel Verantwortung\u201d<\/h3>\n<p>Manche Kinder \u00fcbernehmen schon fr\u00fch die Verantwortung f\u00fcr kleinere Geschwister und schaffen es nicht, in die eigene Kraft zu kommen. Sie kommen z.B. noch fit von der Schule, bauen dann zuhause aber schnell ab.<br \/>\nIn anderen F\u00e4llen haben Erwachsene die Verantwortung f\u00fcr ihre Eltern \u00fcbernommen, obwohl jene sie noch selbst tragen k\u00f6nnten. Die erwachsenen Kinder stehen dann z.B. bei allen Themen wie Steuern, Reparaturen, Arztbesuchen voll in der Verantwortung, und die Eltern ziehen energetisch an ihren erwachsenen Kindern. Somit kommen beide niemals in ihre ganze Kraft. Wenn solch eine Verstrickung gel\u00f6st wird, hei\u00dft es nicht, dass man keinen Kontakt mehr hat. Aber der Liebe an sich, steht nichts mehr im Wege.<\/p>\n<h2>Beispiele f\u00fcr T\u00e4tigkeiten, die man einfach ungern tut<\/h2>\n<p>1) Eine andere Frau besteht darauf, dass ihr Mann im Haushalt mithilft. Weil ihn diese Arbeit 200% Energie kostet, schiebt er sie die ganze Zeit vor sich her. Die Frau regt sich oft auf, dass sie nicht genug Unterst\u00fctzung erh\u00e4lt. Hier ist zu kl\u00e4ren, ob es nicht eine bessere Variante gibt.<\/p>\n<p>2) Was passiert, wenn jemand einen Beruf hat, der ihn total aussaugt, d\u00fcrfte den meisten klar sein. Diese Menschen machen meist nicht mehr als arbeiten, fernsehen und viel schlafen\u2026 denn f\u00fcr andere Dinge haben sie keine Energie mehr. Aber das Leben ist zu kurz um es nicht wirklich zu leben!<\/p>\n<h2>Tiefe innere Zerrissenheit<\/h2>\n<p>Eine Person, die sich in der Kindheit zwischen zwei Menschen, die es liebt entscheiden musste, hat es im sp\u00e4teren Leben meist sehr schwer, sich wahrhaft auf eine Person wirklich einzulassen, da schon in der Kindheit immer eine Sehnsucht zu der Person bestand, gegen die das Kind sich entschieden hat. Im Laufe des Lebens entstehen immer wieder Gef\u00fchle der Zerrissenheit.<\/p>\n<h2>Kampf in Beziehungen<\/h2>\n<p>Eine Frau, die in der Kindheit von ihrem Vater verlassen wurde, k\u00e4mpft in manchen F\u00e4llen den Rest ihres Lebens gegen M\u00e4nner. Im schlimmsten Fall sogar gegen ihren eigenen Sohn. Tief in sich f\u00fchlt sie sich immer wieder betrogen, ob das nun real ist oder nicht. Dadurch wird es allerdings zur Realit\u00e4t in ihrem Leben.<\/p>\n<h2>Eine `energetische\u00b4 Sitzung \u201eBasics for Life\u201c<\/h2>\n<p>In einer energetischen Sitzung werden Lebensthemen wie negative Gef\u00fchle, \u00c4ngste, Traurigkeit, Blockaden, Krankheiten oder alte Glaubenss\u00e4tze auf der energetischen Ebene angegangen, um diese so zu ver\u00e4ndern, dass der Klient in seine Kraft kommen kann. Dies ist eine wundervolle M\u00f6glichkeit, das eigene Energiefeld von schwerer Energie zu befreien und wieder mehr Raum und Zeit f\u00fcr die wahren Talente zu haben.<\/p>\n<h2>\u00a0Weitere Angebote:<\/h2>\n<p>+\u00a0<a href=\"http:\/\/alexandrahoef.com\/meditationsabende\">Energiereisen<\/a>\u00a0(einzeln oder als Erlebnisabend)<br \/>\n+ Dynamische Aufstellungen (einzeln oder als Erlebnisabend)<\/p>\n<h2>Feedbacks nach einer Sitzung:<\/h2>\n<p>Dir auch alles Liebe! Du hast mir in 2014 sehr sehr geholfen, danke dir daf\u00fcr! W\u00fcnsch Dir ein sch\u00f6nes Fest! Wir sehen uns am \u2026 C.B.<\/p>\n<h3>Feedback eines jungen Mannes<\/h3>\n<\/div>\n<p><!--more--><\/p>\n<p>tja \u2026.. wo fange ich an.<\/p>\n<p>Am besten mit dem Mittwoch, also nach unserem Termin.<br \/>\nIch habe zwar gewusst, dass etwas passiert und passieren muss, dass es aber so heftig wird h\u00e4tte ich nicht gedacht.<\/p>\n<p>Warum brennt mein Brustk\u00f6rper ?<br \/>\nWarum krieg ich einen Hitzeanfall ?<br \/>\nTr\u00e4nen kommen einfach so?<br \/>\nIch kann atmen, als ob ich einen Brustkorb von einem Gewichtheber habe?<\/p>\n<p>Und ? \u2026\u2026 Danach f\u00fchle ich mich besser obwohl ich denke, dass ich 50 Situps am St\u00fcck gemacht habe.<\/p>\n<p>Gehe bei Dir raus und laufe die Stra\u00dfe lang. Wie ein Riese, aufrecht, gerade, gl\u00fccklich, zufrieden und voller Tatendrang.<br \/>\nSetz mich ins Auto und guck auf die Uhr \u2026. 19:00 h !!!!! 2 Stunden<\/p>\n<p>M.W.<\/p>\n","protected":false},"excerpt":{"rendered":"<p>Energiearbeit &#8211; in Hofheim am Taunus Bei der Energiearbeit geht es in erster Linie darum, das eigene Energiefeld und nat\u00fcrlich auch den K\u00f6rper von belastender und &#8222;schwerer&#8220; Energie zu befreien. Denn nur dann ist es m\u00f6glich, den eigenen Weg zu finden und das Leben (wieder) mit Freude zu genie\u00dfen. Wodurch\u00a0entsteht &#8222;schwere Energie&#8220;? Im Leben passieren [&hellip;]<\/p>\n","protected":false},"author":1,"featured_media":0,"parent":0,"menu_order":0,"comment_status":"closed","ping_status":"closed","template":"","meta":{"footnotes":""},"class_list":["post-118","page","type-page","status-publish","hentry"],"_links":{"self":[{"href":"https:\/\/www.alexandrahoef.com\/hofheim\/wp-json\/wp\/v2\/pages\/118","targetHints":{"allow":["GET"]}}],"collection":[{"href":"https:\/\/www.alexandrahoef.com\/hofheim\/wp-json\/wp\/v2\/pages"}],"about":[{"href":"https:\/\/www.alexandrahoef.com\/hofheim\/wp-json\/wp\/v2\/types\/page"}],"author":[{"embeddable":true,"href":"https:\/\/www.alexandrahoef.com\/hofheim\/wp-json\/wp\/v2\/users\/1"}],"replies":[{"embeddable":true,"href":"https:\/\/www.alexandrahoef.com\/hofheim\/wp-json\/wp\/v2\/comments?post=118"}],"version-history":[{"count":26,"href":"https:\/\/www.alexandrahoef.com\/hofheim\/wp-json\/wp\/v2\/pages\/118\/revisions"}],"predecessor-version":[{"id":1719,"href":"https:\/\/www.alexandrahoef.com\/hofheim\/wp-json\/wp\/v2\/pages\/118\/revisions\/1719"}],"wp:attachment":[{"href":"https:\/\/www.alexandrahoef.com\/hofheim\/wp-json\/wp\/v2\/media?parent=118"}],"curies":[{"name":"wp","href":"https:\/\/api.w.org\/{rel}","templated":true}]}}