{"id":120,"date":"2016-05-03T19:31:52","date_gmt":"2016-05-03T17:31:52","guid":{"rendered":"http:\/\/alexandrahoef.com\/?page_id=120"},"modified":"2016-07-02T10:01:29","modified_gmt":"2016-07-02T08:01:29","slug":"behandlungwaehrendderschwangerschafthomoeopathie","status":"publish","type":"page","link":"https:\/\/www.alexandrahoef.com\/hofheim\/behandlungwaehrendderschwangerschafthomoeopathie","title":{"rendered":"Behandlung w\u00e4hrend der Schwangerschaft"},"content":{"rendered":"<h1><\/h1>\n<h2>Eines der gr\u00f6\u00dften Wunder auf dieser Erde<\/h2>\n<h2>&#8230;\u00a0die Entstehung eines neuen Lebewesens im Leib der Mutter.<\/h2>\n<figure id=\"attachment_201\" aria-describedby=\"caption-attachment-201\" style=\"width: 258px\" class=\"wp-caption alignright\"><a href=\"http:\/\/www.yogawithaimee.com\" target=\"_blank\" rel=\"noopener\"><img loading=\"lazy\" decoding=\"async\" class=\"size-medium wp-image-201\" src=\"http:\/\/alexandrahoef.com\/wp-content\/uploads\/2016\/05\/13149888_10154033497015336_1922575262_n-258x300.jpg\" alt=\"Yoga\" width=\"258\" height=\"300\" srcset=\"https:\/\/www.alexandrahoef.com\/wp-content\/uploads\/2016\/05\/13149888_10154033497015336_1922575262_n-258x300.jpg 258w, https:\/\/www.alexandrahoef.com\/wp-content\/uploads\/2016\/05\/13149888_10154033497015336_1922575262_n.jpg 736w\" sizes=\"auto, (max-width: 258px) 100vw, 258px\" \/><\/a><figcaption id=\"caption-attachment-201\" class=\"wp-caption-text\">Aim\u00e9e Donahue<\/figcaption><\/figure>\n<p>Dies gilt zum einen f\u00fcr die Menschen, aber nat\u00fcrlich auch f\u00fcr Tiere. Es ist f\u00fcr alles gesorgt. Der K\u00f6rper der Mutter wei\u00df ganz genau was zu tun ist, selbst wenn \u00c4ngste da sind. Die Mutter kann und muss diesen Vorgang nicht kontrollieren. Ich selbst habe zwei Kinder und aus eigener Erfahrung wei\u00df ich, dass man all die Dinge, die auf einen zukommen vorher \u00fcberhaupt nicht absch\u00e4tzen kann. Man kann sich zwar mental auf ein Baby vorbereiten, aber wie es ist, wenn man dieses kleine Lebewesen zum ersten Mal sieht und das man sich dann total verliebt, obwohl man dachte, man h\u00e4tte es schon vorher geliebt. Kann man nur schwer vorher nachempfinden.<\/p>\n<p>In der Schwangerschaft macht die Frau einen Wandlungsprozess von Frau zur Mutter durch. Dabei hilft ihr der hormonelle Ablauf in ihrem K\u00f6rper. Eine Schwangerschaft ist ein Zeichen von Gesundheit und setzt ein intaktes Abwehrsystem voraus.<\/p>\n<p>In der heutigen Zeit, in der schlimme Krankheiten immer mehr zunehmen, geht es in erster Linie darum, einen guten Grundstock sowohl f\u00fcr die eigene Gesundheit, als auch f\u00fcr die Gesundheit des Babies zu legen.<\/p>\n<p><strong>Was kann ich bereits in der Schwangerschaft f\u00fcr die Gesundheit meines Babies tun?<\/strong><\/p>\n<p>Viele \u00c4rzte verordnen aufgrund der empfohlenen Werte der Pharmaindustrie Eisen, Jod, Magnesium, Zink, Vitamin K, Vitamin D etc. Ausf\u00fchrliche Informationen hierzu k\u00f6nnen Sie in der Brosch\u00fcre:\u00a0<a href=\"http:\/\/www.sprangsrade.de\/Kritik_der_Arzneiroutine_bei_Schwangeren_und_Kleinkindern_Friedrich_Graf.html\" target=\"_blank\" rel=\"noopener\">Kritik der Arzneiroutine bei Schwangeren und Kindern<\/a>\u00a0nachlesen. Mir ist wichtig, dass Sie sich ein eigenes Bild machen um Verantwortung f\u00fcr sich selbst und sp\u00e4ter f\u00fcr Ihr Kind zu \u00fcbernehmen. Achten Sie bitte darauf, dass Sie nur die Medikamente einnehmen, die f\u00fcr Sie wirklich wichtig sind.<\/p>\n<p>Achten Sie darauf, dass Sie sich gen\u00fcgend ausruhen und das Sie ausreichend schlafen. Gen\u00fcgend Schlaf kann\u00a0 Krankheiten vorbeugen und wird sich positiv auf ihr Baby auswirken.<\/p>\n<p>&nbsp;<\/p>\n<h3>Ern\u00e4hrung w\u00e4hrend der Schwangerschaft<\/h3>\n<ul>\n<li>Generell sollte die Ern\u00e4hrung basisch sein und wenig Fleisch, Milch- und Fertigprodukte enthalten.<\/li>\n<li>Ratsam ist der Verzicht von Zucker und Wei\u00dfmehl.<\/li>\n<li>Auf Nikotin, Alkohol, Drogen und Koffein (enthalten in Kaffee, Tee, Cola, Energy-Drinks) sollte g\u00e4nzlich verzichtet werden. Was viele nicht wissen: Koffein ist ungehindert plazentag\u00e4ngig. Eine Tasse Kaffee (125 ml) enth\u00e4lt: 80 \u2013 120 mg Koffein. 200 mg Koffein vermindern den Blutfluss in der Plazenta um 1\/4.! 20% erh\u00f6htes Risiko f\u00fcr Wachstumsst\u00f6rungen bei 1-2 Tassen pro Tag. Der Einfluss des Koffeins auf das Wachstum ist so gro\u00df wie der von Alkohol!<\/li>\n<li>Verzicht auf Frittiertes und Fast-Food.<\/li>\n<li>Nach M\u00f6glichkeit Verzicht auf Medikamente (insbesondere Paracetamol)<\/li>\n<\/ul>\n<h4><\/h4>\n<p>&nbsp;<\/p>\n<h3>Klassische Hom\u00f6opathie w\u00e4hrend der Schwangerschaft<\/h3>\n<p>Es ist aus meiner Sicht empfehlenswert, sich w\u00e4hrend der Schwangerschaft klassisch hom\u00f6opathisch behandeln zu lassen. Die Einnahme eines gut gew\u00e4hlten hom\u00f6opathischen Arzneimittels vor und in der Schwangerschaft wirkt sich positiv auf die Mutter und das Ungeborene aus. Es k\u00f6nnen sogar Pr\u00e4dispositionen (Anlage bzw. Emp\u00e4nglichkeit f\u00fcr eine Erkrankung) eleminiert werden.<\/p>\n<p>Die Hom\u00f6opathie wirkt nicht immer nur heilend sondern vor allem auch harmonisierend auf die Mutter und das Baby. So kann z.B. \u00dcbelkeit und Erbrechen w\u00e4hrend der ersten Monate nicht nur reduziert, sondern auch ein evtl. dahinterstehender Konflikt, gel\u00f6st werden.<\/p>\n<p>&nbsp;<\/p>\n","protected":false},"excerpt":{"rendered":"<p>Eines der gr\u00f6\u00dften Wunder auf dieser Erde &#8230;\u00a0die Entstehung eines neuen Lebewesens im Leib der Mutter. Dies gilt zum einen f\u00fcr die Menschen, aber nat\u00fcrlich auch f\u00fcr Tiere. Es ist f\u00fcr alles gesorgt. Der K\u00f6rper der Mutter wei\u00df ganz genau was zu tun ist, selbst wenn \u00c4ngste da sind. Die Mutter kann und muss diesen [&hellip;]<\/p>\n","protected":false},"author":1,"featured_media":174,"parent":0,"menu_order":0,"comment_status":"closed","ping_status":"closed","template":"","meta":{"footnotes":""},"class_list":["post-120","page","type-page","status-publish","has-post-thumbnail","hentry"],"_links":{"self":[{"href":"https:\/\/www.alexandrahoef.com\/hofheim\/wp-json\/wp\/v2\/pages\/120","targetHints":{"allow":["GET"]}}],"collection":[{"href":"https:\/\/www.alexandrahoef.com\/hofheim\/wp-json\/wp\/v2\/pages"}],"about":[{"href":"https:\/\/www.alexandrahoef.com\/hofheim\/wp-json\/wp\/v2\/types\/page"}],"author":[{"embeddable":true,"href":"https:\/\/www.alexandrahoef.com\/hofheim\/wp-json\/wp\/v2\/users\/1"}],"replies":[{"embeddable":true,"href":"https:\/\/www.alexandrahoef.com\/hofheim\/wp-json\/wp\/v2\/comments?post=120"}],"version-history":[{"count":8,"href":"https:\/\/www.alexandrahoef.com\/hofheim\/wp-json\/wp\/v2\/pages\/120\/revisions"}],"predecessor-version":[{"id":209,"href":"https:\/\/www.alexandrahoef.com\/hofheim\/wp-json\/wp\/v2\/pages\/120\/revisions\/209"}],"wp:featuredmedia":[{"embeddable":true,"href":"https:\/\/www.alexandrahoef.com\/hofheim\/wp-json\/wp\/v2\/media\/174"}],"wp:attachment":[{"href":"https:\/\/www.alexandrahoef.com\/hofheim\/wp-json\/wp\/v2\/media?parent=120"}],"curies":[{"name":"wp","href":"https:\/\/api.w.org\/{rel}","templated":true}]}}