{"id":13,"date":"2016-04-28T22:32:22","date_gmt":"2016-04-28T20:32:22","guid":{"rendered":"http:\/\/alexandrahoef.com\/?page_id=13"},"modified":"2023-01-08T22:55:52","modified_gmt":"2023-01-08T20:55:52","slug":"anfahrt-main-taunus-kreis","status":"publish","type":"page","link":"https:\/\/www.alexandrahoef.com\/hofheim\/anfahrt-main-taunus-kreis","title":{"rendered":"Anfahrt"},"content":{"rendered":"<div class=\"art-layout-wrapper clearfix\">\n<div class=\"art-content-layout\">\n<div class=\"art-content-layout-row\">\n<div class=\"art-layout-cell art-content clearfix\">\n<article id=\"post-822\" class=\"art-post art-article post-822 page type-page status-publish hentry\">\n<div class=\"art-postcontent clearfix\">\n<h2>Heilpraktikerin<br>Alexandra H\u00f6f<\/h2>\n<h1>&nbsp;<\/h1>\n<h2>Heilpraktikerin Alexandra H\u00f6f<\/h2>\n<p>bei IPSG<\/p>\n<p>Hauptstra\u00dfe 39 &#8211; 41<\/p>\n<p>65719 Hofheim am Taunus<\/p>\n<p>Kreis: Main Taunus Kreis<\/p>\n<p>Land: Hessen<\/p>\n<p>Tel.: 0170 3829975<\/p>\n<p><a>kontakt [at] alexandrahoef [dot] de<\/a><\/p>\n<h2>&nbsp;<\/h2>\n<\/div>\n<div class=\"art-postcontent clearfix\">\n<h2 class=\"art-postheader\">Anfahrt<\/h2>\n<div class=\"art-postcontent clearfix\">\n<h2>zur Heilpraktikerpraxis f\u00fcr klassische Hom\u00f6opathie und Energiearbeit in Hofheim<\/h2>\n<h4>PKW-Anfahrt<\/h4>\n<p>Heilpraktikerpraxis<\/p>\n<p>Hauptstra\u00dfe 39 &#8211; 41<\/p>\n<p>65719 Hofheim&nbsp;<a title=\"Google Link\" href=\"https:\/\/www.google.de\/maps\/place\/Hauptstra\u00dfe+39-41,+65719+Hofheim+am+Taunus\/@50.0877362,8.4432707,17z\/data=!3m1!4b1!4m5!3m4!1s0x47bda3f991debfa7:0xe917df8ad8291e8c!8m2!3d50.0877362!4d8.4454594\" target=\"_blank\" rel=\"noopener noreferrer\">Google Karte<\/a><\/p>\n<\/div>\n<p><strong>Wegbeschreibung auf:<\/strong><\/p>\n<div class=\"art-postcontent clearfix\">\n<p><a title=\"Weg Frankfurt\" href=\"https:\/\/www.google.de\/maps\/dir\/Frankfurt+am+Main\/Hauptstra\u00dfe+39-41,+65719+Hofheim+am+Taunus\/@50.107207,8.4220945,11z\/data=!3m1!4b1!4m13!4m12!1m5!1m1!1s0x47bd096f477096c5:0x422435029b0c600!2m2!1d8.6821267!2d50.1109221!1m5!1m1!1s0x47bda3f991debfa7:0xe917df8ad8291e8c!2m2!1d8.4454594!2d50.0877362\" target=\"_blank\" rel=\"noopener noreferrer\">&#8230;Frankfurt am Main<\/a><\/p>\n<p>&#8230; vom&nbsp;<a title=\"Weg Flughafen\" href=\"https:\/\/www.google.de\/maps\/dir\/Flughafen+Frankfurt,+60547+Frankfurt+am+Main\/Hauptstra\u00dfe+39-41,+65719+Hofheim+am+Taunus\/@50.0727733,8.4130667,11z\/data=!3m1!4b1!4m13!4m12!1m5!1m1!1s0x47bd0b745442f979:0x8a74d84d21f8f331!2m2!1d8.5621518!2d50.0379326!1m5!1m1!1s0x47bda3f991debfa7:0xe917df8ad8291e8c!2m2!1d8.4454594!2d50.0877362\" target=\"_blank\" rel=\"noopener noreferrer\">Frankfurter Flughafen<\/a><\/p>\n<p>&#8230; <a title=\"Weg Wiesbaden\" href=\"https:\/\/www.google.de\/maps\/dir\/Wiesbaden\/Hauptstra\u00dfe+39-41,+65719+Hofheim+am+Taunus\/@50.0685094,8.2013152,11z\/data=!3m1!4b1!4m13!4m12!1m5!1m1!1s0x47bdbdd9495c843b:0x611fd80c33366c1!2m2!1d8.2397608!2d50.0782184!1m5!1m1!1s0x47bda3f991debfa7:0xe917df8ad8291e8c!2m2!1d8.4454594!2d50.0877362\" target=\"_blank\" rel=\"noopener noreferrer\">Wiesbaden<\/a><\/p>\n<h4>Parkm\u00f6glichkeiten<\/h4>\n<p>Optimale Parkm\u00f6glichkeiten sind folgende Parkpl\u00e4tze:<\/p>\n<ul>\n<li>Kellereiparkplatz.&nbsp;<\/li>\n<li>Chinoncenter&nbsp;<\/li>\n<li>Parkplatz am Untertor&nbsp;<\/li>\n<\/ul>\n<p>Bitte beachten Sie, dass f\u00fcr alle aufgef\u00fchrten Parkm\u00f6glichkeiten ein Parkticket ben\u00f6tigt wird.<\/p>\n<p>Die Praxis befindet sich genau in dem Haus Ecke Burgstra\u00dfe \/ Hauptstra\u00dfe. Der Eingang befindet sich auf der Hauptstra\u00dfe. Bitte klingeln Sie bei IPSG.<\/p>\n<p>F\u00fcr alle, die Hofheim nicht kennen: Hofheim am Taunus ist die Kreisstadt vom Main Taunus Kreis und liegt an der A66 zwischen Frankfurt am Main und Wiesbaden.<\/p>\n<h4>Mit \u00f6ffentlichen Verkehrsmitteln zur Praxis<\/h4>\n<p>Mit \u00f6ffentlichen Verkehrsmitteln zur Praxis:&nbsp;<a title=\"RMV\" href=\"http:\/\/www.rmv.de\/\" target=\"_blank\" rel=\"noopener noreferrer\">RMV<\/a><\/p>\n<p>Die Wegbeschreibung vom Bahnhof in Hofheim zur Praxis finden Sie&nbsp;<a title=\"S Bahn\" href=\"https:\/\/www.google.de\/maps\/dir\/Busbahnhof\/Hauptstra\u00dfe+39-41,+65719+Hofheim+am+Taunus\/@50.0863279,8.4426392,17z\/data=!3m1!4b1!4m14!4m13!1m5!1m1!1s0x47bda3d5a821172f:0x6502bd379cc8e10e!2m2!1d8.4457052!2d50.0848683!1m5!1m1!1s0x47bda3f991debfa7:0xe917df8ad8291e8c!2m2!1d8.4454594!2d50.0877362!3e2\" target=\"_blank\" rel=\"noopener noreferrer\">hier<\/a>.<\/p>\n<\/div>\n<\/div>\n<\/article>\n<\/div>\n<\/div>\n<\/div>\n<\/div>\n\n\n<p><\/p>\n","protected":false},"excerpt":{"rendered":"<p>HeilpraktikerinAlexandra H\u00f6f &nbsp; Heilpraktikerin Alexandra H\u00f6f bei IPSG Hauptstra\u00dfe 39 &#8211; 41 65719 Hofheim am Taunus Kreis: Main Taunus Kreis Land: Hessen Tel.: 0170 3829975 kontakt [at] alexandrahoef [dot] de &nbsp; Anfahrt zur Heilpraktikerpraxis f\u00fcr klassische Hom\u00f6opathie und Energiearbeit in Hofheim PKW-Anfahrt Heilpraktikerpraxis Hauptstra\u00dfe 39 &#8211; 41 65719 Hofheim&nbsp;Google Karte Wegbeschreibung auf: &#8230;Frankfurt am Main [&hellip;]<\/p>\n","protected":false},"author":1,"featured_media":0,"parent":0,"menu_order":0,"comment_status":"closed","ping_status":"closed","template":"","meta":{"footnotes":""},"class_list":["post-13","page","type-page","status-publish","hentry"],"_links":{"self":[{"href":"https:\/\/www.alexandrahoef.com\/hofheim\/wp-json\/wp\/v2\/pages\/13","targetHints":{"allow":["GET"]}}],"collection":[{"href":"https:\/\/www.alexandrahoef.com\/hofheim\/wp-json\/wp\/v2\/pages"}],"about":[{"href":"https:\/\/www.alexandrahoef.com\/hofheim\/wp-json\/wp\/v2\/types\/page"}],"author":[{"embeddable":true,"href":"https:\/\/www.alexandrahoef.com\/hofheim\/wp-json\/wp\/v2\/users\/1"}],"replies":[{"embeddable":true,"href":"https:\/\/www.alexandrahoef.com\/hofheim\/wp-json\/wp\/v2\/comments?post=13"}],"version-history":[{"count":21,"href":"https:\/\/www.alexandrahoef.com\/hofheim\/wp-json\/wp\/v2\/pages\/13\/revisions"}],"predecessor-version":[{"id":1495,"href":"https:\/\/www.alexandrahoef.com\/hofheim\/wp-json\/wp\/v2\/pages\/13\/revisions\/1495"}],"wp:attachment":[{"href":"https:\/\/www.alexandrahoef.com\/hofheim\/wp-json\/wp\/v2\/media?parent=13"}],"curies":[{"name":"wp","href":"https:\/\/api.w.org\/{rel}","templated":true}]}}