{"id":149,"date":"2016-05-04T10:15:58","date_gmt":"2016-05-04T08:15:58","guid":{"rendered":"http:\/\/alexandrahoef.com\/?page_id=149"},"modified":"2024-08-19T19:18:51","modified_gmt":"2024-08-19T17:18:51","slug":"empfehlungen","status":"publish","type":"page","link":"https:\/\/www.alexandrahoef.com\/hofheim\/empfehlungen","title":{"rendered":"Empfehlungen"},"content":{"rendered":"<h3 class=\"art-postheader\"><em><span style=\"font-size: 16px; color: #191e23;\">Suchen Sie authentische Menschen, denn diese werden Sie am meisten voranbringen.<\/span><\/em><\/h3>\n<p class=\"font_8\">Tief in mir bin ich \u00fcberzeugt, dass es irgendwann einen Tag gibt, an dem wir auf unser Leben zur\u00fcckschauen und dann geht es nicht darum, ob wir immer die Sp\u00fclmaschine einger\u00e4umt haben oder unsere Wohnung vorzeigef\u00e4hig war, sondern darum, wie wir mit den Menschen verbunden waren, die uns wirklich etwas bedeuten.<\/p>\n<p class=\"font_8\">Gibt es etwas, das zwischen Dir und einer Dir wichtigen Person steht? Was h\u00e4lt Dich ab, Dich zu vers\u00f6hnen? Ich kann Dir nur von ganzem Herzen empfehlen, vergib Dir und dieser Person. Wie oft h\u00f6rt man S\u00e4tze wie: Am Sterbebett habe ich mich mit meiner Mutter vers\u00f6hnt. Sie war mir vorher noch nie so nah, wie in ihren letzten 10 Minuten. Oder: Mein Bruder hat das erste Mal ein richtig gutes und aufrichtiges Gespr\u00e4ch mit meinem Vater zwei Tage vor seinem Tod gef\u00fchrt. Warum warten bis es soweit kommt? Warum nicht das Leben selbst in die Hand nehmen und die Zeit hier auf der Erde nutzen, die wir zusammen haben? Nach zahlreichen Sitzungen habe ich gesehen, dass sich Menschen, die sich verloren hatten, einfach meldeten und gemeinsam weitergingen.<\/p>\n<p class=\"font_8\">Diese Meditation\u00a0ist eine gute Chance, mit Dir und anderen Frieden zu schlie\u00dfen.<\/p>\n<h2>B\u00fccherempfehlungen<\/h2>\n<h3>Hom\u00f6opathie Basiswissen<\/h3>\n<p>Allen, die sich f\u00fcr meine Arbeit, die Wirkweisen und das Potential hom\u00f6opathischer Arbeit und Mittel interessieren, kann ich mein Buch ans Herz legen:<\/p>\n<p><strong>&#8222;Wahre Heilung ist m\u00f6glich! Klassische Hom\u00f6opathie&#8220;<\/strong>.<\/p>\n<p><a href=\"http:\/\/www.alexandrahoef.com\/wahre-heilung-ist-moeglich-klassische-homoeopathie\"><img loading=\"lazy\" decoding=\"async\" class=\"alignright size-medium wp-image-725\" src=\"http:\/\/www.alexandrahoef.com\/wp-content\/uploads\/2017\/12\/Bildschirmfoto-2017-12-06-um-10.51.10-198x300.png\" alt=\"Hofheim am Taunus Main Taunus Kreis\" width=\"198\" height=\"300\" srcset=\"https:\/\/www.alexandrahoef.com\/wp-content\/uploads\/2017\/12\/Bildschirmfoto-2017-12-06-um-10.51.10-198x300.png 198w, https:\/\/www.alexandrahoef.com\/wp-content\/uploads\/2017\/12\/Bildschirmfoto-2017-12-06-um-10.51.10.png 519w\" sizes=\"auto, (max-width: 198px) 100vw, 198px\" \/><\/a>Es vereint fundierte\u00a0Grundlagen\u00a0der klassischen\u00a0Hom\u00f6opathie und mein Wissen aus vielen, vielen Jahren (Arbeits-)Erfahrung. Anhand von anschaulichen Fallbeispielen werden dem Leser\u00a0Behandlungsm\u00f6glichkeiten aufgezeigt.\u00a0Es ist relevant\u00a0f\u00fcr alle, die sich mit klassischer hom\u00f6opathischer Behandlung besch\u00e4ftigen oder sich auf diese Weise behandeln lassen m\u00f6chten.<br \/>\n<strong>Das Buch: &#8222;Wahre Heilung ist m\u00f6glich! Klassische Hom\u00f6opathie&#8220; von Alexandra H\u00f6f<\/strong>\u00a0kann \u00fcber dieses\u00a0<a href=\"http:\/\/alexandrahoef.com\/wahre-heilung-ist-moeglich-klassische-homoeopathie\">Kontaktformular<\/a>\u00a0direkt bei mir bestellt werden.<\/p>\n<h3><\/h3>\n<h3>Hom\u00f6opathische B\u00fccher<\/h3>\n<p>Wer gerne n\u00e4her in die einzelnen Arzneimittel einsteigen m\u00f6chte und wirklich verstehen m\u00f6chte, welche Charaktere sich hinter den einzelnen Arzneimittel verbergen, dem empfehle ich die <a href=\"http:\/\/www.irl22.de\/literatur\/meister-der-klassischen-homoeopathie-materia-medica-viva.html\" target=\"_blank\" rel=\"noopener\">Materie Media Viva<\/a> von George Vithoulkas.<\/p>\n<h2><\/h2>\n<h2>Wasserfilter<\/h2>\n<div class=\"\"><span style=\"color: #000000;\"><span class=\"\">In den letzten Jahren habe ich immer und immer wieder nach einer geeigneten Wasserfilteranlage Ausschau gehalten und habe bei allen m\u00f6glichen Leuten das gefilterte Leitungswasser getestet. Kein einziges der gefilterten Wasser hatte mir ein gutes Gef\u00fchl gegeben und ich bin immer wieder zur\u00fcck zu Lauretana oder Volvic gegangen. Aber auch das war nur eine Kompromiss-L\u00f6sung, da die Glasflaschen fast unbezahlbar sind auf Dauer. Im August 2017 war ich bei Freunden, die sich eine Wasseranlage von Aquacentrum gekauft hatten und ich hatte das erste Mal das Gef\u00fchl, das mein K\u00f6rper dieses Wasser wirklich trinken m\u00f6chte. Ich habe mir 3 Liter abgef\u00fcllt und mit nach Hause genommen. Das Wasser war schneller weg als ich schauen konnte und ich wusste, ich brauche diese Anlage. Mittlerweile habe ich sie 6 Wochen getestet und kann nur sagen, das war genau die richtige Entscheidung. Hier k\u00f6nnt ihr euch ein Video \u00fcber den Wasserionisierer anschauen.\u00a0<\/span><\/span><\/div>\n<div class=\"\"><span style=\"color: #2c1376;\"><span class=\"\">\u00a0<\/span><\/span><\/div>\n<div class=\"\"><span style=\"color: #2c1376;\"><b class=\"\"><a class=\"\" href=\"https:\/\/www.youtube.com\/watch?v=m7zMViA0R9o&amp;feature=youtu.be\" target=\"_blank\" rel=\"noopener\">https:\/\/www.youtube.com\/watch?v=m7zMViA0R9o&amp;feature=youtu.be<\/a><\/b><\/span><\/div>\n<div class=\"\"><span style=\"color: #2c1376;\"><b class=\"\">\u00a0<\/b><\/span><\/div>\n<div class=\"\"><span style=\"color: #000000;\">Da es verschiedene Produkte gibt, hier ist der Link zu meinem Wasserfilter.\u00a0<\/span><\/div>\n<div class=\"\"><span style=\"color: #2c1376;\">\u00a0<\/span><\/div>\n<div class=\"\"><span style=\"color: #2c1376;\"><b class=\"\"><a class=\"\" href=\"https:\/\/www.aquacentrum.de\/shop\/eos-touch-wasserionisierer\/\" target=\"_blank\" rel=\"noopener\">https:\/\/www.aquacentrum.de\/shop\/eos-touch-wasserionisierer\/<\/a><\/b><\/span><\/div>\n<div class=\"\"><span style=\"color: #2c1376;\"><b class=\"\">\u00a0<\/b><\/span><\/div>\n<div class=\"\"><span style=\"color: #000000;\"><span class=\"\">Aquacentrum ist eine tolle Firma. Du hast die M\u00f6glichkeit den Wasserionisierer 2 Wochen kostenlos zu testen und 6 Monate Zufriedenheitsgarantie (das hei\u00dft, Du kannst ihn auch noch nach 5 Monaten zur\u00fcckgeben, wenn Du nicht zufrieden mit ihm bist). Stand 09 2017 &#8211; Keine Gew\u00e4hr &#8211; ich denke, dass es noch so ist, aber bitte frage selbst nach und lass es Dir best\u00e4tigen. Wenn Du den Wasserionsisierer bestellen m\u00f6chtest, kannst Du diesen\u00a0<b class=\"\">Gutschein Code: BY30TR<\/b>\u00a0angeben, dann erh\u00e4ltst Du 5 % beim Kauf eines Ionisierers.\u00a0<\/span><\/span><\/div>\n<div class=\"\"><span style=\"color: #000000;\"><span class=\"\">\u00a0<\/span><\/span><\/div>\n<div class=\"\"><span style=\"color: #2c1376;\"><span class=\"\"><span style=\"color: #000000;\">Hier geht es zur Website:\u00a0<\/span><a class=\"\" href=\"http:\/\/www.aquacentrum.de\/\" target=\"_blank\" rel=\"noopener\">www.aquacentrum.de<\/a><\/span><\/span><\/div>\n<h2>Musik<\/h2>\n<div class=\"art-postcontent clearfix\">\n<p>F\u00fcr alle\u00a0Mantren-Liebhaber oder die, die es werden wollen, ist die Musik von\u00a0<a title=\"Miten &amp; Premal\" href=\"http:\/\/www.devapremalmiten.com\/\" target=\"_blank\" rel=\"noopener noreferrer\">Deva Premal &amp; Miten\u00a0<\/a>oder\u00a0<a href=\"https:\/\/www.youtube.com\/watch?v=N9nQ8PStTZA\" target=\"_blank\" rel=\"noopener noreferrer\">Snatam Kaur<\/a>\u00a0sehr empfehlenswert. Und wer am liebsten selbst singt und es hautnah mag: <a href=\"https:\/\/www.joachim-boettcher.com\" target=\"_blank\" rel=\"noopener\">Joachim B\u00f6ttcher<\/a>.<\/p>\n<p>Nicht zu vergessen, das Mantrensingen im Glashaus in Frankfurt. Bei Interesse, sprecht mich gerne an.<\/p>\n<\/div>\n<div class=\"art-postcontent clearfix\">\n<h2>Heilpraktikerpr\u00fcfungsvorbereitung<\/h2>\n<\/div>\n<p>In den letzten zw\u00f6lf Monaten vor meiner Heilpraktikerpr\u00fcfung im Jahr 2003 habe ich bei\u00a0<a href=\"https:\/\/www.heilpraktikerausbildung24.de\/view\/pruefungsfragendb\" target=\"_blank\" rel=\"noopener noreferrer\">Stefan Barres<\/a> eine wundervolle Begleitung auf die Heilpraktikerpr\u00fcfung gefunden. Er gibt heute viele Online-Kurse und ist ein sehr guter didaktischer Lehrer f\u00fcr die Heilpraktikerpr\u00fcfungsvorbereitung.<\/p>\n<p>Bei Fragen, k\u00f6nnen Sie mich gerne ansprechen.<\/p>\n<p>Ihre Heilpraktikerin<\/p>\n<div class=\"art-postcontent clearfix\">\n<p>Alexandra H\u00f6f<\/p>\n<\/div>\n","protected":false},"excerpt":{"rendered":"<p>Suchen Sie authentische Menschen, denn diese werden Sie am meisten voranbringen. Tief in mir bin ich \u00fcberzeugt, dass es irgendwann einen Tag gibt, an dem wir auf unser Leben zur\u00fcckschauen und dann geht es nicht darum, ob wir immer die Sp\u00fclmaschine einger\u00e4umt haben oder unsere Wohnung vorzeigef\u00e4hig war, sondern darum, wie wir mit den Menschen [&hellip;]<\/p>\n","protected":false},"author":1,"featured_media":0,"parent":0,"menu_order":0,"comment_status":"closed","ping_status":"closed","template":"","meta":{"footnotes":""},"class_list":["post-149","page","type-page","status-publish","hentry"],"_links":{"self":[{"href":"https:\/\/www.alexandrahoef.com\/hofheim\/wp-json\/wp\/v2\/pages\/149","targetHints":{"allow":["GET"]}}],"collection":[{"href":"https:\/\/www.alexandrahoef.com\/hofheim\/wp-json\/wp\/v2\/pages"}],"about":[{"href":"https:\/\/www.alexandrahoef.com\/hofheim\/wp-json\/wp\/v2\/types\/page"}],"author":[{"embeddable":true,"href":"https:\/\/www.alexandrahoef.com\/hofheim\/wp-json\/wp\/v2\/users\/1"}],"replies":[{"embeddable":true,"href":"https:\/\/www.alexandrahoef.com\/hofheim\/wp-json\/wp\/v2\/comments?post=149"}],"version-history":[{"count":72,"href":"https:\/\/www.alexandrahoef.com\/hofheim\/wp-json\/wp\/v2\/pages\/149\/revisions"}],"predecessor-version":[{"id":1692,"href":"https:\/\/www.alexandrahoef.com\/hofheim\/wp-json\/wp\/v2\/pages\/149\/revisions\/1692"}],"wp:attachment":[{"href":"https:\/\/www.alexandrahoef.com\/hofheim\/wp-json\/wp\/v2\/media?parent=149"}],"curies":[{"name":"wp","href":"https:\/\/api.w.org\/{rel}","templated":true}]}}