{"id":266,"date":"2016-06-16T17:36:13","date_gmt":"2016-06-16T15:36:13","guid":{"rendered":"http:\/\/alexandrahoef.com\/?page_id=266"},"modified":"2016-07-01T16:52:00","modified_gmt":"2016-07-01T14:52:00","slug":"matcha-balls-2","status":"publish","type":"page","link":"https:\/\/www.alexandrahoef.com\/hofheim\/matcha-balls-2","title":{"rendered":"Matcha Balls"},"content":{"rendered":"<p>Wer gerne etwas S\u00fc\u00dfes als Nachtisch liebt sollte unbedingt diese superleckeren und obendrein gesunden Matcha-Balls probieren.<\/p>\n<h1>Green Power-Matcha-Balls<\/h1>\n<p>Zutaten:<\/p>\n<ul>\n<li>90 Gramm getrocknete Feigen<\/li>\n<li>120 Gramm Cashewmus<\/li>\n<li>6 Gramm Agavendicksaft<\/li>\n<li>7 Gramm Amaranth (3 geh\u00e4ufte Essl\u00f6ffel)<\/li>\n<li>20 Gramm dunkles Mandelmus<\/li>\n<li>1 Teel\u00f6ffel Bio Matchapulver<\/li>\n<\/ul>\n<p>Gib alles zusammen in die K\u00fcchenmaschine und lasse es 3 Minuten richtig durchmengen. Danach kannst Du kleine Kugeln (ergibt ca. 10-12 St\u00fcck) formen und sie ca. 30 Minuten in den K\u00fchlschrank stellen. Sie schmecken einfach k\u00f6stlich!!!<\/p>\n<p>Guten Appetit!<\/p>\n","protected":false},"excerpt":{"rendered":"<p>Wer gerne etwas S\u00fc\u00dfes als Nachtisch liebt sollte unbedingt diese superleckeren und obendrein gesunden Matcha-Balls probieren. Green Power-Matcha-Balls Zutaten: 90 Gramm getrocknete Feigen 120 Gramm Cashewmus 6 Gramm Agavendicksaft 7 Gramm Amaranth (3 geh\u00e4ufte Essl\u00f6ffel) 20 Gramm dunkles Mandelmus 1 Teel\u00f6ffel Bio Matchapulver Gib alles zusammen in die K\u00fcchenmaschine und lasse es 3 Minuten richtig [&hellip;]<\/p>\n","protected":false},"author":1,"featured_media":0,"parent":0,"menu_order":0,"comment_status":"closed","ping_status":"closed","template":"","meta":{"footnotes":""},"class_list":["post-266","page","type-page","status-publish","hentry"],"_links":{"self":[{"href":"https:\/\/www.alexandrahoef.com\/hofheim\/wp-json\/wp\/v2\/pages\/266","targetHints":{"allow":["GET"]}}],"collection":[{"href":"https:\/\/www.alexandrahoef.com\/hofheim\/wp-json\/wp\/v2\/pages"}],"about":[{"href":"https:\/\/www.alexandrahoef.com\/hofheim\/wp-json\/wp\/v2\/types\/page"}],"author":[{"embeddable":true,"href":"https:\/\/www.alexandrahoef.com\/hofheim\/wp-json\/wp\/v2\/users\/1"}],"replies":[{"embeddable":true,"href":"https:\/\/www.alexandrahoef.com\/hofheim\/wp-json\/wp\/v2\/comments?post=266"}],"version-history":[{"count":4,"href":"https:\/\/www.alexandrahoef.com\/hofheim\/wp-json\/wp\/v2\/pages\/266\/revisions"}],"predecessor-version":[{"id":297,"href":"https:\/\/www.alexandrahoef.com\/hofheim\/wp-json\/wp\/v2\/pages\/266\/revisions\/297"}],"wp:attachment":[{"href":"https:\/\/www.alexandrahoef.com\/hofheim\/wp-json\/wp\/v2\/media?parent=266"}],"curies":[{"name":"wp","href":"https:\/\/api.w.org\/{rel}","templated":true}]}}