{"id":42,"date":"2016-05-01T11:27:04","date_gmt":"2016-05-01T09:27:04","guid":{"rendered":"http:\/\/alexandrahoef.com\/?page_id=42"},"modified":"2023-10-10T11:57:28","modified_gmt":"2023-10-10T09:57:28","slug":"klassische-homoeopathie","status":"publish","type":"page","link":"https:\/\/www.alexandrahoef.com\/hofheim\/klassische-homoeopathie","title":{"rendered":"Klassische Hom\u00f6opathie"},"content":{"rendered":"<h1>Klassische hom\u00f6opathische Behandlung<\/h1>\n<p>`Jedes Symptom ist ein Versuch des K\u00f6rpers zur Selbstheilung\u00b4<\/p>\n<h2><strong>Die hom\u00f6opathische Erstanamnese<\/strong><\/h2>\n<figure id=\"attachment_174\" aria-describedby=\"caption-attachment-174\" style=\"width: 300px\" class=\"wp-caption alignright\"><a href=\"http:\/\/alexandrahoef.com\/wp-content\/uploads\/2016\/05\/homoeopathie.jpg\"><img loading=\"lazy\" decoding=\"async\" class=\" wp-image-174\" src=\"http:\/\/alexandrahoef.com\/wp-content\/uploads\/2016\/05\/homoeopathie-300x200.jpg\" alt=\"Klassische hom\u00f6opathische Behandlung\" width=\"300\" height=\"203\" \/><\/a><figcaption id=\"caption-attachment-174\" class=\"wp-caption-text\">Klassische hom\u00f6opathische Behandlung<\/figcaption><\/figure>\n<p>In der Erstanamnese der klassischen Hom\u00f6opathie geht es darum, dass Sie mir Ihr Anliegen sowie\u00a0Ihre Symptomatik sehr detailliert schildern. In der Hom\u00f6opathie sind es manchmal ein oder zwei au\u00dfergew\u00f6hnliche Symptome, die zum richtigen\u00a0hom\u00f6opathischen Arzneimittel f\u00fchren. Jeder Mensch ist ein Individuum und es ist wichtig, die genauen Details Ihres speziellen Falles auszuarbeiten. Deshalb\u00a0stelle ich viele Fragen. Unter anderem interessiert mich, wodurch sich Ihre Symptomatik verbessert oder verschlimmert. Es geht darum, aus \u00fcber\u00a05000 hom\u00f6opathischen Arzneimitteln, das Ihnen \u00e4hnlichste hom\u00f6opathische Arzneimittel zu finden. Denn genau diese Globuli werden Ihren Organismus harmonisieren, wodurch Sie wieder in Ihre Lebenskraft kommen k\u00f6nnen. Die Erstanamnese dauert ca. eineinhalb bis zwei\u00a0Stunden. Zu diesem Termin bringen Sie bitte folgende Unterlagen mit, sofern Sie diese vorliegen haben:<\/p>\n<p>+ Zusammenfassung der Erkrankungen im Kindesalter<br \/>\n+ Kopie des Impfausweises<br \/>\n+ S\u00e4mtliche Befunde und Diagnosen<br \/>\n+ Laborwerte, falls vorhanden<br \/>\nDa Kinder oft nicht die n\u00f6tige Geduld f\u00fcr eine zweist\u00fcndige Anamnese haben, sende ich Ihnen f\u00fcr Ihr Kind vorab einen Fragenkatalog zu.<\/p>\n<h2>Kosten<\/h2>\n<p>Die Preise f\u00fcr eine hom\u00f6opathische Erstanamnese und die Folgekonsultationen finden Sie in dieser <a href=\"https:\/\/www.alexandrahoef.com\/wp-content\/uploads\/2023\/10\/Einverstaendniserklaerung.pdf\">Einverst\u00e4ndniserkl\u00e4rung<\/a>.<\/p>\n<h2>Wie geht es nach der Erstanamnese weiter?<\/h2>\n<p>Um die Wirkung sowie\u00a0die weitere Vorgehensweise zu besprechen, werden wir ca. vier Wochen nach der ersten Einnahme einen Termin ausmachen. Hierzu ist es wichtig, dass Sie s\u00e4mtliche Symptome, die sich nach der Einnahme ver\u00e4ndern oder verschwinden aufschreiben. Diese bringen Sie gesammelt zu diesem Termin mit. Es gibt Patienten, die nur ein einziges Arzneimittel ben\u00f6tigen, die ich also erst Jahre sp\u00e4ter wiedersehe. Andere kommen ein Jahr lang alle vier bis sechs\u00a0Wochen. F\u00fcr den weiteren Behandlungsverlauf gibt es keine Regel.<\/p>\n<h1><strong>Hom\u00f6opathische Doppelblind-Studie<\/strong><\/h1>\n<p>Endlich ist es wissenschaftlich fundiert. Wer es selbst noch nicht erlebt hatte, musste bis dato glauben.\u00a0Jetzt wurde die Wirksamkeit nachgewiesen. Eine Doppelblind Hom\u00f6opathie Studie bezeugt die Wirksamkeit von hom\u00f6opathischen Arzneimitteln bei ADHS. Diese Studie ist so wichtig, denn es geht um das Wichtigste \u00fcberhaupt: <em>Unsere Kinder!<\/em><\/p>\n<p>Lest am besten selbst:<\/p>\n<p>https:\/\/www.aerzteblatt.de\/archiv\/49746\/ADHS-Homoeopathische-Behandlung-wirksam?fbclid=IwAR33KDkNlt9YD8zt-jxS7njLVUqDtr1OQ0no-jNuggvTEY1qHX_RUdO8EMc<\/p>\n<h2>Hom\u00f6opathische Hausapotheke<\/h2>\n<p>Generell empfehle ich allen, die sich und ihre Familie hom\u00f6opathisch behandeln lassen (wollen) eine Hausapotheke vorr\u00e4tig zu haben. Im Akutfall kann es sehr sinnvoll sein, dass das hom\u00f6opathische Arzneimittel griffbereit ist. In einzelnen Apotheken ist ein breites Angebot an hom\u00f6opathischen Mitteln zu erhalten. Im besten Fall beziehen Sie ihre hom\u00f6opathische Hausapotheke von diesen Apotheken. Auf diese Weise geht nicht unn\u00f6tig viel Zeit verloren, wenn Arzneimittel bestellt werden m\u00fcssen.<\/p>\n<p>Ich empfehle ihnen die <a href=\"https:\/\/www.altstadtapotheke-amberg.de\/data\/uploads\/preislisten\/Hausapotheke_gross_c30_c200.pdf\" target=\"_blank\" rel=\"noopener\">Hausapotheke der Altstadtapotheke in Amberg<\/a>.<\/p>\n<p>Die Hornauer Apotheke in Kelkheim f\u00fchrt hom\u00f6opathische Hausapotheken in den Potenzen C 30 und C 200. Diese k\u00f6nnen in kleinen Dosen oder auch in Lederetuis erworben werden.<\/p>\n<h2>Telegram Kanal &#8211; <a href=\"https:\/\/t.me\/homoepath\" target=\"_blank\" rel=\"noopener\">Hom\u00f6opathie &#8211; Nat\u00fcrliche Medizin<\/a><\/h2>\n<p>Es ist soweit: Ich habe einen eigenen Telegram Kanal er\u00f6ffnet. Hier k\u00f6nnen Sie hom\u00f6opathische F\u00e4lle aus meiner Praxis direkt mitlesen. Sofern Sie kein Telegram auf Ihrem Smartphone installiert haben, sich aber trotzdem f\u00fcr die F\u00e4lle interessieren, melden Sie sich gerne bei mir, dann nehme ich Sie in der WhatsApp Gruppe auf.<\/p>\n<h2>Fallbeispiel Hom\u00f6opathie: Erk\u00e4ltung, Ruhelosigkeit<\/h2>\n<p>Hier finden Sie den <a href=\"http:\/\/alexandrahoef.com\/wp-content\/uploads\/2016\/05\/Fall-Rhus-tox-kleines-M\u00e4dchen.pdf\" target=\"_blank\" rel=\"noopener\">Fallverlauf<\/a> eines kleinen M\u00e4dchens, welches unter einer Erk\u00e4ltung und Ruhelosigkeit litt.<\/p>\n<h2>Feedbacks zur hom\u00f6opathischen Behandlung<\/h2>\n<p>Ich habe schon seit neun Jahren eine chronischen Blasenentz\u00fcndung. Durch die hom\u00f6opathische Behandlung muss ich nicht mehr auf Antibiotikum zur\u00fcckgreifen, um mich besser zu f\u00fchlen und kann schnell handeln. Mit der Behandlung bin ich sehr zufrieden. A.W.<\/p>\n<p>Nach der Einnahme des Mittels erlebte ich etwa nach zwei Tagen eine Erstverschlimmerung. Diese hielt aber nur einen halben Tag an, danach ging es stetig bergauf. Seitdem schlafe ich erholsamer, meine Schmerzen in den Knien sind weg und ich bin generell fitter. Meine h\u00e4ufigen, fast regelm\u00e4\u00dfigen Kopfschmerzen sind nicht mehr vorhanden. Die H\u00e4morrhoiden verschwanden innerhalb von f\u00fcnf Tagen nach Einnahme des Mittels. In meinen Augen war und ist die Behandlung ein voller Erfolg. R.H.<\/p>\n<p>Hallo Du Liebe, wieder einmal warst Du unser Anker. Dank Dir hat unsere Tochter Gloria ihre Lungenentz\u00fcndung ohne Einnahme von Antbiotika gut \u00fcberstanden. In den drei Wochen warst Du unaufh\u00f6rlich f\u00fcr Gloria da. Sie ist jetzt wieder auf einem gutem Weg. Ohne Dich w\u00e4re dies nicht m\u00f6glich gewesen. Ich dr\u00fcck Dich ganz doll. A.<\/p>\n<h2><\/h2>\n<h2>Mein Weg zur Hom\u00f6opathie<\/h2>\n<p>Durch meinen Sohn bin ich vor knapp 28 Jahren zur Hom\u00f6opathie gekommen. Damals habe ich\u00a0sehr gestaunt, welch gro\u00dfe Wirkung diese \u201ckleinen K\u00fcgelchen\u201d haben. Da ich von der Wirkung beeindruckt war, besch\u00e4ftigte ich mich zunehmend mehr mit der klassischen Hom\u00f6opathie.\u00a0Damals war ich gezwungen, nach einer Alternative zur Schulmedizin zu suchen, da ich erkannte, dass er die konventionelle\u00a0Medikamente\u00a0nicht vertr\u00e4gt. Denn durch die erste Impfung bekam er hohes Fieber und in Folge Schlafst\u00f6rungen, die ihn viele Jahre begleiteten:\u00a0Zuvor schlief\u00a0er als vier Monate alter S\u00e4ugling\u00a0bereits von Mitternacht bis morgens um 7 Uhr. Nach der ersten Impfung konnte er nicht mehr l\u00e4nger als eineinhalb bis zwei\u00a0Stunden durchg\u00e4ngig schlafen. Das \u00e4nderte sich erst, als\u00a0er viereinhalb\u00a0Jahre alt war.<\/p>\n<p>Durch stetiges Selbststudium erlangte ich immer mehr Wissen \u00fcber die klassische Hom\u00f6opathie und\u00a0ihre Wirkungsweisen. Das hatte zur Folge, dass mich zunehmend mehr Menschen aus meinem Bekannten-, Freundes- und Familienkreis um Rat baten.\u00a0Auf diese Weise\u00a0zeigte mir das Leben meinen Weg zur Heilpraktikerin \/ Hom\u00f6opathin.<\/p>\n<p>Zu einem sp\u00e4teren Zeitpunkt\u00a0habe ich die vierj\u00e4hrige <a href=\"http:\/\/www.vithoulkas.com\" target=\"_blank\" rel=\"noopener\">Vithoulkas-Video-Ausbildung<\/a>\u00a0bei George Vithoulkas in London absolviert und nehme regelm\u00e4\u00dfig an seinen Fortbildungsveranstaltungen f\u00fcr Hom\u00f6opathie-Experten auf Alonissos teil.<\/p>\n<p>Meine Behandlungsgebiete reichen von (leichten) Erk\u00e4ltungen bis hin zu komplexen, chronischen F\u00e4llen bei Kindern, Jugendlichen und Erwachsenen.<\/p>\n<p>Bei weiteren Fragen zur klassischen hom\u00f6opathischen Behandlung k\u00f6nnen Sie mich gerne anrufen.\u00a0Ich freue mich auf Sie!<\/p>\n<p>Ihre Heilpraktikerin<\/p>\n<p>Alexandra H\u00f6f<\/p>\n","protected":false},"excerpt":{"rendered":"<p>Klassische hom\u00f6opathische Behandlung `Jedes Symptom ist ein Versuch des K\u00f6rpers zur Selbstheilung\u00b4 Die hom\u00f6opathische Erstanamnese In der Erstanamnese der klassischen Hom\u00f6opathie geht es darum, dass Sie mir Ihr Anliegen sowie\u00a0Ihre Symptomatik sehr detailliert schildern. In der Hom\u00f6opathie sind es manchmal ein oder zwei au\u00dfergew\u00f6hnliche Symptome, die zum richtigen\u00a0hom\u00f6opathischen Arzneimittel f\u00fchren. Jeder Mensch ist ein Individuum [&hellip;]<\/p>\n","protected":false},"author":1,"featured_media":0,"parent":0,"menu_order":0,"comment_status":"closed","ping_status":"closed","template":"","meta":{"footnotes":""},"class_list":["post-42","page","type-page","status-publish","hentry"],"_links":{"self":[{"href":"https:\/\/www.alexandrahoef.com\/hofheim\/wp-json\/wp\/v2\/pages\/42","targetHints":{"allow":["GET"]}}],"collection":[{"href":"https:\/\/www.alexandrahoef.com\/hofheim\/wp-json\/wp\/v2\/pages"}],"about":[{"href":"https:\/\/www.alexandrahoef.com\/hofheim\/wp-json\/wp\/v2\/types\/page"}],"author":[{"embeddable":true,"href":"https:\/\/www.alexandrahoef.com\/hofheim\/wp-json\/wp\/v2\/users\/1"}],"replies":[{"embeddable":true,"href":"https:\/\/www.alexandrahoef.com\/hofheim\/wp-json\/wp\/v2\/comments?post=42"}],"version-history":[{"count":42,"href":"https:\/\/www.alexandrahoef.com\/hofheim\/wp-json\/wp\/v2\/pages\/42\/revisions"}],"predecessor-version":[{"id":1508,"href":"https:\/\/www.alexandrahoef.com\/hofheim\/wp-json\/wp\/v2\/pages\/42\/revisions\/1508"}],"wp:attachment":[{"href":"https:\/\/www.alexandrahoef.com\/hofheim\/wp-json\/wp\/v2\/media?parent=42"}],"curies":[{"name":"wp","href":"https:\/\/api.w.org\/{rel}","templated":true}]}}