{"id":705,"date":"2017-11-03T11:21:52","date_gmt":"2017-11-03T09:21:52","guid":{"rendered":"http:\/\/alexandrahoef.com\/?page_id=705"},"modified":"2024-08-18T15:01:21","modified_gmt":"2024-08-18T13:01:21","slug":"aktuelles-klassische-homoeopathie","status":"publish","type":"page","link":"https:\/\/www.alexandrahoef.com\/hofheim\/aktuelles-klassische-homoeopathie","title":{"rendered":"Aktuelles"},"content":{"rendered":"<h2>Neuigkeiten<\/h2>\n<p><strong>30.11.2022<\/strong><\/p>\n<p>F\u00fcr alle Hom\u00f6opathie-Interessierte gibt es nun einen eigenen Telegram-Kanal. Dort findet ihr immer wieder F\u00e4lle aus meiner Praxis: <a href=\"https:\/\/t.me\/homoepath\" target=\"_blank\" rel=\"noopener\">https:\/\/t.me\/homoepath<\/a><\/p>\n<p><strong>01.10.2022<\/strong><\/p>\n<p>Ich bin sehr happy mit dem Praxisumzug in die R\u00e4umlichkeiten der <a href=\"https:\/\/www.ipsg-hofheim.de\" target=\"_blank\" rel=\"noopener\">IPSG<\/a> (Integrative Praxisgemeinschaft f\u00fcr seelische Gesundheit) in der Hauptstra\u00dfe 39\/41 in 65719 Hofheim.<\/p>\n<p><strong>19.02.2020<\/strong><\/p>\n<p><a href=\"https:\/\/youtu.be\/VN1wPdAHkg0\" target=\"_blank\" rel=\"noopener noreferrer\"><img loading=\"lazy\" decoding=\"async\" class=\"size-medium wp-image-1029 aligncenter\" src=\"https:\/\/www.alexandrahoef.com\/wp-content\/uploads\/2020\/02\/Filmcover-ALEXv4-300x169.png\" alt=\"Wir brauchten ein kleines Wunder...\" width=\"300\" height=\"169\" srcset=\"https:\/\/www.alexandrahoef.com\/wp-content\/uploads\/2020\/02\/Filmcover-ALEXv4-300x169.png 300w, https:\/\/www.alexandrahoef.com\/wp-content\/uploads\/2020\/02\/Filmcover-ALEXv4-1024x576.png 1024w, https:\/\/www.alexandrahoef.com\/wp-content\/uploads\/2020\/02\/Filmcover-ALEXv4-768x432.png 768w, https:\/\/www.alexandrahoef.com\/wp-content\/uploads\/2020\/02\/Filmcover-ALEXv4-1536x864.png 1536w, https:\/\/www.alexandrahoef.com\/wp-content\/uploads\/2020\/02\/Filmcover-ALEXv4-500x281.png 500w, https:\/\/www.alexandrahoef.com\/wp-content\/uploads\/2020\/02\/Filmcover-ALEXv4.png 1920w\" sizes=\"auto, (max-width: 300px) 100vw, 300px\" \/><\/a><\/p>\n<h3>S\u00e4mtliche Ver\u00f6ffentlichungen<\/h3>\n<p>von Alexandra H\u00f6f<\/p>\n<h3>Buch: Wahre Heilung ist m\u00f6glich &#8211; Klassische Hom\u00f6opathie<\/h3>\n<p>Zur Bestellung geht es hier:<\/p>\n<p><a href=\"https:\/\/www.epubli.de\/shop\/buch\/wahre-heilung-ist-m-glich-alexandra-h-f-9783745064032\/70109\" target=\"_blank\" rel=\"noopener noreferrer\"><img loading=\"lazy\" decoding=\"async\" class=\"aligncenter wp-image-725 size-medium\" src=\"http:\/\/www.alexandrahoef.com\/wp-content\/uploads\/2017\/12\/Bildschirmfoto-2017-12-06-um-10.51.10-198x300.png\" alt=\"Hofheim am Taunus Main Taunus Kreis\" width=\"198\" height=\"300\" srcset=\"https:\/\/www.alexandrahoef.com\/wp-content\/uploads\/2017\/12\/Bildschirmfoto-2017-12-06-um-10.51.10-198x300.png 198w, https:\/\/www.alexandrahoef.com\/wp-content\/uploads\/2017\/12\/Bildschirmfoto-2017-12-06-um-10.51.10.png 519w\" sizes=\"auto, (max-width: 198px) 100vw, 198px\" \/><\/a><\/p>\n<h2>Meditations-CD &#8211;\u00a0Ich verzeihe Dir<\/h2>\n<p>Zur Bestellung geht es hier:<\/p>\n<p><a href=\"http:\/\/www.flowinmeditation.com\" target=\"_blank\" rel=\"noopener\"><img loading=\"lazy\" decoding=\"async\" class=\"size-medium wp-image-686 aligncenter\" src=\"http:\/\/alexandrahoef.com\/wp-content\/uploads\/2016\/05\/Ich-verzeihe-Dir-Cover-300x297.png\" alt=\"Hofheim Main Taunus Kreis\" width=\"300\" height=\"297\" srcset=\"https:\/\/www.alexandrahoef.com\/wp-content\/uploads\/2016\/05\/Ich-verzeihe-Dir-Cover-300x297.png 300w, https:\/\/www.alexandrahoef.com\/wp-content\/uploads\/2016\/05\/Ich-verzeihe-Dir-Cover-150x150.png 150w, https:\/\/www.alexandrahoef.com\/wp-content\/uploads\/2016\/05\/Ich-verzeihe-Dir-Cover-303x300.png 303w, https:\/\/www.alexandrahoef.com\/wp-content\/uploads\/2016\/05\/Ich-verzeihe-Dir-Cover.png 340w\" sizes=\"auto, (max-width: 300px) 100vw, 300px\" \/><\/a><\/p>\n<p>Der Ursprung, wie es zur Basics for Life Schule kam:<\/p>\n<p>Artikel in `<em>Bewusster Leben\u00b4 in 04\/2017<\/em><\/p>\n<p><a href=\"http:\/\/alexandrahoef.com\/wp-content\/uploads\/2017\/12\/Basics-for-Life-Doppelseite-300dpi-niedrig.jpg\"><img loading=\"lazy\" decoding=\"async\" class=\"aligncenter wp-image-758 size-medium\" src=\"http:\/\/alexandrahoef.com\/wp-content\/uploads\/2017\/12\/Basics-for-Life-Doppelseite-300dpi-niedrig-300x200.jpg\" alt=\"\" width=\"300\" height=\"200\" srcset=\"https:\/\/www.alexandrahoef.com\/wp-content\/uploads\/2017\/12\/Basics-for-Life-Doppelseite-300dpi-niedrig-300x200.jpg 300w, https:\/\/www.alexandrahoef.com\/wp-content\/uploads\/2017\/12\/Basics-for-Life-Doppelseite-300dpi-niedrig-768x511.jpg 768w, https:\/\/www.alexandrahoef.com\/wp-content\/uploads\/2017\/12\/Basics-for-Life-Doppelseite-300dpi-niedrig-1024x681.jpg 1024w, https:\/\/www.alexandrahoef.com\/wp-content\/uploads\/2017\/12\/Basics-for-Life-Doppelseite-300dpi-niedrig-451x300.jpg 451w\" sizes=\"auto, (max-width: 300px) 100vw, 300px\" \/><\/a><\/p>\n<p>Hier geht es direkt zur <a href=\"https:\/\/www.basicsforlife.de\/termine\/\" target=\"_blank\" rel=\"noopener\">&#8222;Basics for Life&#8220;<\/a> Schule.<\/p>\n<p>Gerne k\u00f6nnen Sie sich f\u00fcr den <a href=\"https:\/\/www.alexandrahoef.com\/hofheim\/kontakt\" target=\"_blank\" rel=\"noopener noreferrer\">Newsletter-Erhalt<\/a>\u00a0eintragen. Dann sind Sie immer auf dem Laufenden.<\/p>\n<p>Sofern Sie R\u00fcckfragen haben, freue ich mich \u00fcber Ihren Anruf.<\/p>\n<p>Alexandra h\u00f6f<\/p>\n","protected":false},"excerpt":{"rendered":"<p>Neuigkeiten 30.11.2022 F\u00fcr alle Hom\u00f6opathie-Interessierte gibt es nun einen eigenen Telegram-Kanal. Dort findet ihr immer wieder F\u00e4lle aus meiner Praxis: https:\/\/t.me\/homoepath 01.10.2022 Ich bin sehr happy mit dem Praxisumzug in die R\u00e4umlichkeiten der IPSG (Integrative Praxisgemeinschaft f\u00fcr seelische Gesundheit) in der Hauptstra\u00dfe 39\/41 in 65719 Hofheim. 19.02.2020 S\u00e4mtliche Ver\u00f6ffentlichungen von Alexandra H\u00f6f Buch: Wahre Heilung [&hellip;]<\/p>\n","protected":false},"author":1,"featured_media":0,"parent":0,"menu_order":0,"comment_status":"closed","ping_status":"closed","template":"","meta":{"footnotes":""},"class_list":["post-705","page","type-page","status-publish","hentry"],"_links":{"self":[{"href":"https:\/\/www.alexandrahoef.com\/hofheim\/wp-json\/wp\/v2\/pages\/705","targetHints":{"allow":["GET"]}}],"collection":[{"href":"https:\/\/www.alexandrahoef.com\/hofheim\/wp-json\/wp\/v2\/pages"}],"about":[{"href":"https:\/\/www.alexandrahoef.com\/hofheim\/wp-json\/wp\/v2\/types\/page"}],"author":[{"embeddable":true,"href":"https:\/\/www.alexandrahoef.com\/hofheim\/wp-json\/wp\/v2\/users\/1"}],"replies":[{"embeddable":true,"href":"https:\/\/www.alexandrahoef.com\/hofheim\/wp-json\/wp\/v2\/comments?post=705"}],"version-history":[{"count":44,"href":"https:\/\/www.alexandrahoef.com\/hofheim\/wp-json\/wp\/v2\/pages\/705\/revisions"}],"predecessor-version":[{"id":1627,"href":"https:\/\/www.alexandrahoef.com\/hofheim\/wp-json\/wp\/v2\/pages\/705\/revisions\/1627"}],"wp:attachment":[{"href":"https:\/\/www.alexandrahoef.com\/hofheim\/wp-json\/wp\/v2\/media?parent=705"}],"curies":[{"name":"wp","href":"https:\/\/api.w.org\/{rel}","templated":true}]}}