{"id":807,"date":"2018-07-02T13:51:55","date_gmt":"2018-07-02T11:51:55","guid":{"rendered":"http:\/\/alexandrahoef.com\/?page_id=807"},"modified":"2025-08-05T09:52:44","modified_gmt":"2025-08-05T07:52:44","slug":"heilpraktiker-praxis","status":"publish","type":"page","link":"https:\/\/www.alexandrahoef.com\/hofheim\/heilpraktiker-praxis","title":{"rendered":"Heilpraktiker-Praxis"},"content":{"rendered":"<p>Hallo liebe(r) Interessent*in,<\/p>\n<p>meine Heilpraktiker-Praxis ist zum 01.10.2022 in die Integrative Praxisgemeinschaft in Hofheim am Taunus (kurz IPSG) in die Hauptstra\u00dfe 39-41, 65719 Hofheim umgezogen.\u00a0<\/p>\n<p>Bei Interesse einer Anmietung von R\u00e4umlichkeiten kontaktieren Sie bitte die IPSG direkt unter: <a href=\"mailto:info@ipsg-hofheim.de\">info@ipsg-hofheim.de.<\/a><\/p>\n<p>Meine Daten finden Sie unter <a href=\"http:\/\/alexandrahoef.com\/kontakt\" target=\"_blank\" rel=\"noopener noreferrer\">Kontakt.<\/a><\/p>\n\n\n<p>Viele Gr\u00fc\u00dfe<\/p>\n\n\n\n<p>Alexandra H\u00f6f<\/p>\n","protected":false},"excerpt":{"rendered":"<p>Hallo liebe(r) Interessent*in, meine Heilpraktiker-Praxis ist zum 01.10.2022 in die Integrative Praxisgemeinschaft in Hofheim am Taunus (kurz IPSG) in die Hauptstra\u00dfe 39-41, 65719 Hofheim umgezogen.\u00a0 Bei Interesse einer Anmietung von R\u00e4umlichkeiten kontaktieren Sie bitte die IPSG direkt unter: info@ipsg-hofheim.de. Meine Daten finden Sie unter Kontakt. Viele Gr\u00fc\u00dfe Alexandra H\u00f6f<\/p>\n","protected":false},"author":1,"featured_media":0,"parent":0,"menu_order":0,"comment_status":"closed","ping_status":"closed","template":"","meta":{"footnotes":""},"class_list":["post-807","page","type-page","status-publish","hentry"],"_links":{"self":[{"href":"https:\/\/www.alexandrahoef.com\/hofheim\/wp-json\/wp\/v2\/pages\/807","targetHints":{"allow":["GET"]}}],"collection":[{"href":"https:\/\/www.alexandrahoef.com\/hofheim\/wp-json\/wp\/v2\/pages"}],"about":[{"href":"https:\/\/www.alexandrahoef.com\/hofheim\/wp-json\/wp\/v2\/types\/page"}],"author":[{"embeddable":true,"href":"https:\/\/www.alexandrahoef.com\/hofheim\/wp-json\/wp\/v2\/users\/1"}],"replies":[{"embeddable":true,"href":"https:\/\/www.alexandrahoef.com\/hofheim\/wp-json\/wp\/v2\/comments?post=807"}],"version-history":[{"count":8,"href":"https:\/\/www.alexandrahoef.com\/hofheim\/wp-json\/wp\/v2\/pages\/807\/revisions"}],"predecessor-version":[{"id":1722,"href":"https:\/\/www.alexandrahoef.com\/hofheim\/wp-json\/wp\/v2\/pages\/807\/revisions\/1722"}],"wp:attachment":[{"href":"https:\/\/www.alexandrahoef.com\/hofheim\/wp-json\/wp\/v2\/media?parent=807"}],"curies":[{"name":"wp","href":"https:\/\/api.w.org\/{rel}","templated":true}]}}