{"id":950,"date":"2020-02-05T22:50:25","date_gmt":"2020-02-05T20:50:25","guid":{"rendered":"https:\/\/www.alexandrahoef.com\/hofheim\/?page_id=950"},"modified":"2020-02-05T22:52:22","modified_gmt":"2020-02-05T20:52:22","slug":"allergien-homoeopathisch-behandeln","status":"publish","type":"page","link":"https:\/\/www.alexandrahoef.com\/hofheim\/allergien-homoeopathisch-behandeln","title":{"rendered":"Allergien hom\u00f6opathisch behandeln"},"content":{"rendered":"<p>Similia Similibus Currentur \u2013 <\/p>\n<p>\u00c4hnliches mit \u00c4hnlichem heilen<\/p>\n<p>Die meisten Menschen wissen, dass man Globuli z.B. bei einer Erk\u00e4ltung einsetzen kann, aber kaum jemand wei\u00df, dass es ebenfalls m\u00f6glich ist, bei einer tieferen Symptomatik, hom\u00f6opathische Arzneimittel einzusetzen.<br \/>\nEs gibt viele, gut wirkende Arzneien in der Hom\u00f6opathie, die sehr gut auf allergische Reaktionen wie Heuschnupfen, Hautausschl\u00e4ge und Durchfall oder Erbrechen nach speziellen Nahrungsmitteln wirken.<br \/>\nAn diesem Abend lernen Sie verschiedene hom\u00f6opathische Arzneimittel kennen, welche bei der Behandlung von allergischen Reaktionen erfolgreich eingesetzt wurden.<\/p>\n<p>Wann:   Dienstag, 10. M\u00e4rz 2020 19.30 \u2013 21.00 Uhr<br \/>\nWo:     Praxis Alexandra H\u00f6f<br \/>\nKosten: 15 Euro (Mitglieder 8 Euro)<\/p>\n<p>Dozentin: Alexandra H\u00f6f, Heilpraktikerin, Autorin von: \u201eWahre Heilung ist m\u00f6glich\u201c \u2013 Klassische Hom\u00f6opathie<br \/>\n(06192) 922 42 47 oder kontakt@alexandrahoef.de<\/p>\n","protected":false},"excerpt":{"rendered":"<p>Similia Similibus Currentur \u2013 \u00c4hnliches mit \u00c4hnlichem heilen Die meisten Menschen wissen, dass man Globuli z.B. bei einer Erk\u00e4ltung einsetzen kann, aber kaum jemand wei\u00df, dass es ebenfalls m\u00f6glich ist, bei einer tieferen Symptomatik, hom\u00f6opathische Arzneimittel einzusetzen. Es gibt viele, gut wirkende Arzneien in der Hom\u00f6opathie, die sehr gut auf allergische Reaktionen wie Heuschnupfen, Hautausschl\u00e4ge [&hellip;]<\/p>\n","protected":false},"author":1,"featured_media":0,"parent":0,"menu_order":0,"comment_status":"closed","ping_status":"closed","template":"","meta":{"footnotes":""},"class_list":["post-950","page","type-page","status-publish","hentry"],"_links":{"self":[{"href":"https:\/\/www.alexandrahoef.com\/hofheim\/wp-json\/wp\/v2\/pages\/950","targetHints":{"allow":["GET"]}}],"collection":[{"href":"https:\/\/www.alexandrahoef.com\/hofheim\/wp-json\/wp\/v2\/pages"}],"about":[{"href":"https:\/\/www.alexandrahoef.com\/hofheim\/wp-json\/wp\/v2\/types\/page"}],"author":[{"embeddable":true,"href":"https:\/\/www.alexandrahoef.com\/hofheim\/wp-json\/wp\/v2\/users\/1"}],"replies":[{"embeddable":true,"href":"https:\/\/www.alexandrahoef.com\/hofheim\/wp-json\/wp\/v2\/comments?post=950"}],"version-history":[{"count":1,"href":"https:\/\/www.alexandrahoef.com\/hofheim\/wp-json\/wp\/v2\/pages\/950\/revisions"}],"predecessor-version":[{"id":951,"href":"https:\/\/www.alexandrahoef.com\/hofheim\/wp-json\/wp\/v2\/pages\/950\/revisions\/951"}],"wp:attachment":[{"href":"https:\/\/www.alexandrahoef.com\/hofheim\/wp-json\/wp\/v2\/media?parent=950"}],"curies":[{"name":"wp","href":"https:\/\/api.w.org\/{rel}","templated":true}]}}